{"id":36,"date":"2020-05-19T19:05:07","date_gmt":"2020-05-19T17:05:07","guid":{"rendered":"http:\/\/dev.dos.fi\/aberglund\/?page_id=36"},"modified":"2020-07-10T12:22:06","modified_gmt":"2020-07-10T09:22:06","slug":"palvelumme","status":"publish","type":"page","link":"https:\/\/aberglund.fi\/fi\/palvelumme\/","title":{"rendered":"Palvelumme"},"content":{"rendered":"\n<figure class=\"wp-block-image alignfull size-large dos-post-header-image\"><img loading=\"lazy\" decoding=\"async\" width=\"2000\" height=\"1200\" src=\"https:\/\/aberglund.fi\/wp-content\/uploads\/2020\/06\/aberglund-cover7.jpg\" alt=\"Cover photo\" class=\"wp-image-550\"\/><\/figure>\n\n\n\n<h1 class=\"wp-block-heading\">Palvelut<\/h1>\n\n\n\n<p>A. Berglundilla on laaja valikoima louhinta-, kaivuu- ja maanrakennuspalveluja. Lue lis\u00e4\u00e4 palveluistamme alla olevien linkkien kautta.Ota rohkeasti yhteytt\u00e4, jos haluat lis\u00e4tietoja tai pyyt\u00e4\u00e4ksesi tarjousta!\r\n<\/p>\n\n\n\n\t\t\t<div class=\"wp-block-uagb-post-grid uagb-post-grid dos-post-grid uagb-post__image-position-top uagb-post__image-enabled uagb-block-b7f28e3a-a681-41d7-a76d-34079a780a81     uagb-post__items uagb-post__columns-3 is-grid uagb-post__columns-tablet-2 uagb-post__columns-mobile-1 uagb-post__equal-height\" data-total=\"1\" style=\"\">\n\n\t\t\t\t\t\t\t\t\t\t\t\t<article class=\"uagb-post__inner-wrap\">\t\t\t\t\t\t\t\t<div class='uagb-post__image'>\n\t\t\t\t\t\t\t\t\t<a href=\"https:\/\/aberglund.fi\/fi\/palvelut\/bioenergia\/\" target=\"_self\" rel=\"bookmark noopener noreferrer\" class='uagb-image-ratio-inherit'><img loading=\"lazy\" decoding=\"async\" width=\"600\" height=\"450\" src=\"https:\/\/aberglund.fi\/wp-content\/uploads\/2020\/05\/imageedit_3_7250610729.jpg\" class=\"attachment-large size-large\" alt=\"\" srcset=\"https:\/\/aberglund.fi\/wp-content\/uploads\/2020\/05\/imageedit_3_7250610729.jpg 600w, https:\/\/aberglund.fi\/wp-content\/uploads\/2020\/05\/imageedit_3_7250610729-300x225.jpg 300w\" sizes=\"auto, (max-width: 600px) 100vw, 600px\" \/>\t\t\t\t\t<\/a>\n\t\t\t\t\t\t\t<\/div>\n\t\t\t\t\t\t<h4 class=\"uagb-post__title uagb-post__text\">\n\t\t\t\t<a href=\"https:\/\/aberglund.fi\/fi\/palvelut\/bioenergia\/\" target=\"_self\" rel=\"bookmark noopener noreferrer\">Mittauspalvelut<\/a>\n\t\t\t<\/h4>\n\t\t\t\t\t\t<div class='uagb-post__text uagb-post-grid-byline'>\n\t\t\t\t\t\t\t<\/div>\n\t\t\t\n\t\t\t\t\t\t\t\t\t<\/article>\n\t\t\t\t\t\t\t\t\t\t\t\t\t\t\t\t<article class=\"uagb-post__inner-wrap\">\t\t\t\t\t\t\t\t<div class='uagb-post__image'>\n\t\t\t\t\t\t\t\t\t<a href=\"https:\/\/aberglund.fi\/fi\/palvelut\/purkutyot\/\" target=\"_self\" rel=\"bookmark noopener noreferrer\" class='uagb-image-ratio-inherit'><img loading=\"lazy\" decoding=\"async\" width=\"600\" height=\"450\" src=\"https:\/\/aberglund.fi\/wp-content\/uploads\/2020\/05\/aberglund-rivningsarbeten-600x450-1.jpg\" class=\"attachment-large size-large\" alt=\"Purkuty\u00f6t\" srcset=\"https:\/\/aberglund.fi\/wp-content\/uploads\/2020\/05\/aberglund-rivningsarbeten-600x450-1.jpg 600w, https:\/\/aberglund.fi\/wp-content\/uploads\/2020\/05\/aberglund-rivningsarbeten-600x450-1-300x225.jpg 300w\" sizes=\"auto, (max-width: 600px) 100vw, 600px\" \/>\t\t\t\t\t<\/a>\n\t\t\t\t\t\t\t<\/div>\n\t\t\t\t\t\t<h4 class=\"uagb-post__title uagb-post__text\">\n\t\t\t\t<a href=\"https:\/\/aberglund.fi\/fi\/palvelut\/purkutyot\/\" target=\"_self\" rel=\"bookmark noopener noreferrer\">Purkuty\u00f6t<\/a>\n\t\t\t<\/h4>\n\t\t\t\t\t\t<div class='uagb-post__text uagb-post-grid-byline'>\n\t\t\t\t\t\t\t<\/div>\n\t\t\t\n\t\t\t\t\t\t\t\t\t<\/article>\n\t\t\t\t\t\t\t\t\t\t\t\t\t\t\t\t<article class=\"uagb-post__inner-wrap\">\t\t\t\t\t\t\t\t<div class='uagb-post__image'>\n\t\t\t\t\t\t\t\t\t<a href=\"https:\/\/aberglund.fi\/fi\/palvelut\/betonin-ja-asfaltin-murskaus\/\" target=\"_self\" rel=\"bookmark noopener noreferrer\" class='uagb-image-ratio-inherit'><img loading=\"lazy\" decoding=\"async\" width=\"600\" height=\"450\" src=\"https:\/\/aberglund.fi\/wp-content\/uploads\/2020\/05\/aberglund-betongkross2-600x450-1.jpg\" class=\"attachment-large size-large\" alt=\"Asfaltkross\" srcset=\"https:\/\/aberglund.fi\/wp-content\/uploads\/2020\/05\/aberglund-betongkross2-600x450-1.jpg 600w, https:\/\/aberglund.fi\/wp-content\/uploads\/2020\/05\/aberglund-betongkross2-600x450-1-300x225.jpg 300w\" sizes=\"auto, (max-width: 600px) 100vw, 600px\" \/>\t\t\t\t\t<\/a>\n\t\t\t\t\t\t\t<\/div>\n\t\t\t\t\t\t<h4 class=\"uagb-post__title uagb-post__text\">\n\t\t\t\t<a href=\"https:\/\/aberglund.fi\/fi\/palvelut\/betonin-ja-asfaltin-murskaus\/\" target=\"_self\" rel=\"bookmark noopener noreferrer\">Betonin ja asfaltin murskaus<\/a>\n\t\t\t<\/h4>\n\t\t\t\t\t\t<div class='uagb-post__text uagb-post-grid-byline'>\n\t\t\t\t\t\t\t<\/div>\n\t\t\t\n\t\t\t\t\t\t\t\t\t<\/article>\n\t\t\t\t\t\t\t\t\t\t\t\t\t\t\t\t<article class=\"uagb-post__inner-wrap\">\t\t\t\t\t\t\t\t<div class='uagb-post__image'>\n\t\t\t\t\t\t\t\t\t<a href=\"https:\/\/aberglund.fi\/fi\/palvelut\/maa-ainesten-myynti\/\" target=\"_self\" rel=\"bookmark noopener noreferrer\" class='uagb-image-ratio-inherit'><img loading=\"lazy\" decoding=\"async\" width=\"600\" height=\"450\" src=\"https:\/\/aberglund.fi\/wp-content\/uploads\/2020\/05\/aberglund-jordmaterial-600x450-1.jpg\" class=\"attachment-large size-large\" alt=\"Maa-aines\" srcset=\"https:\/\/aberglund.fi\/wp-content\/uploads\/2020\/05\/aberglund-jordmaterial-600x450-1.jpg 600w, https:\/\/aberglund.fi\/wp-content\/uploads\/2020\/05\/aberglund-jordmaterial-600x450-1-300x225.jpg 300w\" sizes=\"auto, (max-width: 600px) 100vw, 600px\" \/>\t\t\t\t\t<\/a>\n\t\t\t\t\t\t\t<\/div>\n\t\t\t\t\t\t<h4 class=\"uagb-post__title uagb-post__text\">\n\t\t\t\t<a href=\"https:\/\/aberglund.fi\/fi\/palvelut\/maa-ainesten-myynti\/\" target=\"_self\" rel=\"bookmark noopener noreferrer\">Maa-ainesten myynti<\/a>\n\t\t\t<\/h4>\n\t\t\t\t\t\t<div class='uagb-post__text uagb-post-grid-byline'>\n\t\t\t\t\t\t\t<\/div>\n\t\t\t\n\t\t\t\t\t\t\t\t\t<\/article>\n\t\t\t\t\t\t\t\t\t\t\t\t\t\t\t\t<article class=\"uagb-post__inner-wrap\">\t\t\t\t\t\t\t\t<div class='uagb-post__image'>\n\t\t\t\t\t\t\t\t\t<a href=\"https:\/\/aberglund.fi\/fi\/palvelut\/louhinta\/\" target=\"_self\" rel=\"bookmark noopener noreferrer\" class='uagb-image-ratio-inherit'><img loading=\"lazy\" decoding=\"async\" width=\"600\" height=\"450\" src=\"https:\/\/aberglund.fi\/wp-content\/uploads\/2020\/05\/aberglund-sprangning2-600x450-1.jpg\" class=\"attachment-large size-large\" alt=\"Spr\u00e4ngning\" srcset=\"https:\/\/aberglund.fi\/wp-content\/uploads\/2020\/05\/aberglund-sprangning2-600x450-1.jpg 600w, https:\/\/aberglund.fi\/wp-content\/uploads\/2020\/05\/aberglund-sprangning2-600x450-1-300x225.jpg 300w\" sizes=\"auto, (max-width: 600px) 100vw, 600px\" \/>\t\t\t\t\t<\/a>\n\t\t\t\t\t\t\t<\/div>\n\t\t\t\t\t\t<h4 class=\"uagb-post__title uagb-post__text\">\n\t\t\t\t<a href=\"https:\/\/aberglund.fi\/fi\/palvelut\/louhinta\/\" target=\"_self\" rel=\"bookmark noopener noreferrer\">Louhinta<\/a>\n\t\t\t<\/h4>\n\t\t\t\t\t\t<div class='uagb-post__text uagb-post-grid-byline'>\n\t\t\t\t\t\t\t<\/div>\n\t\t\t\n\t\t\t\t\t\t\t\t\t<\/article>\n\t\t\t\t\t\t\t\t\t\t\t\t\t\t\t\t<article class=\"uagb-post__inner-wrap\">\t\t\t\t\t\t\t\t<div class='uagb-post__image'>\n\t\t\t\t\t\t\t\t\t<a href=\"https:\/\/aberglund.fi\/fi\/palvelut\/maanrakennus\/\" target=\"_self\" rel=\"bookmark noopener noreferrer\" class='uagb-image-ratio-inherit'><img loading=\"lazy\" decoding=\"async\" width=\"422\" height=\"318\" src=\"https:\/\/aberglund.fi\/wp-content\/uploads\/2020\/07\/berglund-maskinpark.jpg\" class=\"attachment-large size-large\" alt=\"\" srcset=\"https:\/\/aberglund.fi\/wp-content\/uploads\/2020\/07\/berglund-maskinpark.jpg 422w, https:\/\/aberglund.fi\/wp-content\/uploads\/2020\/07\/berglund-maskinpark-300x226.jpg 300w\" sizes=\"auto, (max-width: 422px) 100vw, 422px\" \/>\t\t\t\t\t<\/a>\n\t\t\t\t\t\t\t<\/div>\n\t\t\t\t\t\t<h4 class=\"uagb-post__title uagb-post__text\">\n\t\t\t\t<a href=\"https:\/\/aberglund.fi\/fi\/palvelut\/maanrakennus\/\" target=\"_self\" rel=\"bookmark noopener noreferrer\">Maanrakennus<\/a>\n\t\t\t<\/h4>\n\t\t\t\t\t\t<div class='uagb-post__text uagb-post-grid-byline'>\n\t\t\t\t\t\t\t<\/div>\n\t\t\t\n\t\t\t\t\t\t\t\t\t<\/article>\n\t\t\t\t\t\t\t\t\t\t\t<\/div>\n\t\t\t","protected":false},"excerpt":{"rendered":"<p>Palvelut A. Berglundilla on laaja valikoima louhinta-, kaivuu- ja maanrakennuspalveluja. Lue lis\u00e4\u00e4 palveluistamme alla olevien linkkien kautta.Ota rohkeasti yhteytt\u00e4, jos haluat lis\u00e4tietoja tai pyyt\u00e4\u00e4ksesi tarjousta!<\/p>\n","protected":false},"author":1,"featured_media":0,"parent":0,"menu_order":0,"comment_status":"closed","ping_status":"closed","template":"","meta":{"_coblocks_attr":"","_coblocks_dimensions":"","_coblocks_responsive_height":"","_coblocks_accordion_ie_support":"","_uag_custom_page_level_css":"","footnotes":""},"class_list":["post-36","page","type-page","status-publish"],"uagb_featured_image_src":{"full":false,"thumbnail":false,"medium":false,"medium_large":false,"large":false,"1536x1536":false,"2048x2048":false,"gform-image-choice-sm":false,"gform-image-choice-md":false,"gform-image-choice-lg":false},"uagb_author_info":{"display_name":"Webmaster","author_link":"https:\/\/aberglund.fi\/fi\/author\/aberglund_admin\/"},"uagb_comment_info":0,"uagb_excerpt":"Palvelut A. Berglundilla on laaja valikoima louhinta-, kaivuu- ja maanrakennuspalveluja. Lue lis\u00e4\u00e4 palveluistamme alla olevien linkkien kautta.Ota rohkeasti yhteytt\u00e4, jos haluat lis\u00e4tietoja tai pyyt\u00e4\u00e4ksesi tarjousta!","_links":{"self":[{"href":"https:\/\/aberglund.fi\/fi\/wp-json\/wp\/v2\/pages\/36","targetHints":{"allow":["GET"]}}],"collection":[{"href":"https:\/\/aberglund.fi\/fi\/wp-json\/wp\/v2\/pages"}],"about":[{"href":"https:\/\/aberglund.fi\/fi\/wp-json\/wp\/v2\/types\/page"}],"author":[{"embeddable":true,"href":"https:\/\/aberglund.fi\/fi\/wp-json\/wp\/v2\/users\/1"}],"replies":[{"embeddable":true,"href":"https:\/\/aberglund.fi\/fi\/wp-json\/wp\/v2\/comments?post=36"}],"version-history":[{"count":4,"href":"https:\/\/aberglund.fi\/fi\/wp-json\/wp\/v2\/pages\/36\/revisions"}],"predecessor-version":[{"id":792,"href":"https:\/\/aberglund.fi\/fi\/wp-json\/wp\/v2\/pages\/36\/revisions\/792"}],"wp:attachment":[{"href":"https:\/\/aberglund.fi\/fi\/wp-json\/wp\/v2\/media?parent=36"}],"curies":[{"name":"wp","href":"https:\/\/api.w.org\/{rel}","templated":true}]}}