{"id":35,"date":"2020-05-19T19:04:59","date_gmt":"2020-05-19T17:04:59","guid":{"rendered":"http:\/\/dev.dos.fi\/aberglund\/?page_id=35"},"modified":"2025-04-08T10:22:48","modified_gmt":"2025-04-08T07:22:48","slug":"referenssit","status":"publish","type":"page","link":"https:\/\/aberglund.fi\/fi\/referenssit\/","title":{"rendered":"Referenssit"},"content":{"rendered":"\n<figure class=\"wp-block-image alignfull size-large dos-post-header-image\"><img loading=\"lazy\" decoding=\"async\" width=\"2000\" height=\"1200\" src=\"https:\/\/aberglund.fi\/wp-content\/uploads\/2020\/06\/aberglund-cover8.jpg\" alt=\"Cover photo\" class=\"wp-image-552\"\/><\/figure>\n\n\n\n<h1 class=\"wp-block-heading\">Asiakkaamme ovat ylpeytemme<\/h1>\n\n\n\n<p>Uramme aikana olemme tehneet ty\u00f6t\u00e4 useimpien isojen tekij\u00f6iden kanssa L\u00e4nsi Uudellamaalla ja Varsinais-Suomessa, sek\u00e4 julkisella ett\u00e4 yksityisell\u00e4 sektorilla. Kiit\u00e4mme l\u00e4mpim\u00e4sti luottamuksesta.<\/p>\n\n\n\n<h2 class=\"wp-block-heading\">2024<\/h2>\n\n\n\n<ul class=\"wp-block-list\">\n<li>B\u00e4ljarsin teollisuusalueen laajennus, Raasepori<\/li>\n\n\n\n<li>S\u00f6dra Vikenin katualueen saneeraus, Raasepori<\/li>\n\n\n\n<li>Erottajan- ja Koivuniemenkadun saneeraus, Raasepori<\/li>\n\n\n\n<li>Torni- ja Koivuniemenkadun saneeraus, Raasepori <\/li>\n\n\n\n<li>Kanavatorin saneeraus vaihe 2, Raasepori<\/li>\n<\/ul>\n\n\n\n<h2 class=\"wp-block-heading\">2023<\/h2>\n\n\n\n<ul class=\"wp-block-list\">\n<li>Raaseporinjoen perkausurakka, Raasepori<\/li>\n\n\n\n<li>Asematorin alueen rakentaminen, Hanko<\/li>\n\n\n\n<li>Tammisaaren koulukortteli vaihe 5, Raasepori<\/li>\n\n\n\n<li>Kanavatorin saneeraus vaihe 1, Raasepori<\/li>\n<\/ul>\n\n\n\n<h2 class=\"wp-block-heading\">2022<\/h2>\n\n\n\n<ul class=\"wp-block-list\">\n<li>Horsb\u00e4ckin AKK:n rakentaminen, Raasepori<\/li>\n\n\n\n<li>Lehtolan- \/ Kumpulankadun saneeraus, Lohja<\/li>\n\n\n\n<li>Tammisaaren koulukortteli vaihe 4, Raasepori<\/li>\n\n\n\n<li>Keskuskadun saneeraus, Raasepori<\/li>\n<\/ul>\n\n\n\n<h2 class=\"wp-block-heading\">2021<\/h2>\n\n\n\n<ul class=\"wp-block-list\">\n<li>Gropintien kunnallistekniikan rakentaminen, Raasepori<\/li>\n\n\n\n<li>Tammisaari-Karjaa KLV:n rakentaminen, Raasepori<\/li>\n\n\n\n<li>Tammisaaren koulukortteli vaihe 3, Raasepori<\/li>\n<\/ul>\n\n\n\n<h2 class=\"wp-block-heading\">2020<\/h2>\n\n\n\n<ul class=\"wp-block-list\">\n<li>Rautatienkadun kiertoliittym\u00e4, Raasepori<\/li>\n\n\n\n<li>Tammisaaren Koulualue vaihe 2, Raasepori<\/li>\n<\/ul>\n\n\n\n<h2 class=\"wp-block-heading\">Kuvia projekteista 2020<\/h2>\n\n\n\n<figure class=\"dos-masonry-25-block wp-block-coblocks-gallery-masonry masonry-grid has-lightbox dos-masonry-25-block has-medium-gutter\">\n<figure class=\"wp-block-image masonry-brick\"><img loading=\"lazy\" decoding=\"async\" width=\"844\" height=\"638\" src=\"https:\/\/aberglund.fi\/wp-content\/uploads\/2020\/07\/berglund-referens-abc-4.jpg\" alt=\"\" class=\"wp-image-717\" srcset=\"https:\/\/aberglund.fi\/wp-content\/uploads\/2020\/07\/berglund-referens-abc-4.jpg 844w, https:\/\/aberglund.fi\/wp-content\/uploads\/2020\/07\/berglund-referens-abc-4-300x227.jpg 300w, https:\/\/aberglund.fi\/wp-content\/uploads\/2020\/07\/berglund-referens-abc-4-768x581.jpg 768w\" sizes=\"auto, (max-width: 844px) 100vw, 844px\" \/><figcaption class=\"wp-element-caption\">Rautatienkatu, Tammisaari 2020<\/figcaption><\/figure>\n\n\n\n<figure class=\"wp-block-image masonry-brick\"><img loading=\"lazy\" decoding=\"async\" width=\"844\" height=\"638\" src=\"https:\/\/aberglund.fi\/wp-content\/uploads\/2020\/07\/berglund-referens-abc-2-2.jpg\" alt=\"\" class=\"wp-image-719\" srcset=\"https:\/\/aberglund.fi\/wp-content\/uploads\/2020\/07\/berglund-referens-abc-2-2.jpg 844w, https:\/\/aberglund.fi\/wp-content\/uploads\/2020\/07\/berglund-referens-abc-2-2-300x227.jpg 300w, https:\/\/aberglund.fi\/wp-content\/uploads\/2020\/07\/berglund-referens-abc-2-2-768x581.jpg 768w\" sizes=\"auto, (max-width: 844px) 100vw, 844px\" \/><figcaption class=\"wp-element-caption\">Rautatienkatu, Tammisaari 2020<\/figcaption><\/figure>\n\n\n\n<figure class=\"wp-block-image masonry-brick\"><img loading=\"lazy\" decoding=\"async\" width=\"844\" height=\"638\" src=\"https:\/\/aberglund.fi\/wp-content\/uploads\/2020\/07\/berglund-referens-flemingsgatan-5.jpg\" alt=\"\" class=\"wp-image-713\" srcset=\"https:\/\/aberglund.fi\/wp-content\/uploads\/2020\/07\/berglund-referens-flemingsgatan-5.jpg 844w, https:\/\/aberglund.fi\/wp-content\/uploads\/2020\/07\/berglund-referens-flemingsgatan-5-300x227.jpg 300w, https:\/\/aberglund.fi\/wp-content\/uploads\/2020\/07\/berglund-referens-flemingsgatan-5-768x581.jpg 768w\" sizes=\"auto, (max-width: 844px) 100vw, 844px\" \/><figcaption class=\"wp-element-caption\">Koulualue, Tammisaari 2020<\/figcaption><\/figure>\n\n\n\n<figure class=\"wp-block-image masonry-brick\"><img loading=\"lazy\" decoding=\"async\" width=\"844\" height=\"638\" src=\"https:\/\/aberglund.fi\/wp-content\/uploads\/2020\/07\/berglund-referens-horsback-3.jpg\" alt=\"\" class=\"wp-image-715\" srcset=\"https:\/\/aberglund.fi\/wp-content\/uploads\/2020\/07\/berglund-referens-horsback-3.jpg 844w, https:\/\/aberglund.fi\/wp-content\/uploads\/2020\/07\/berglund-referens-horsback-3-300x227.jpg 300w, https:\/\/aberglund.fi\/wp-content\/uploads\/2020\/07\/berglund-referens-horsback-3-768x581.jpg 768w\" sizes=\"auto, (max-width: 844px) 100vw, 844px\" \/><figcaption class=\"wp-element-caption\">Horsb\u00e4ck, Eken\u00e4s 2020<\/figcaption><\/figure>\n<\/figure>\n\n\n\n<h2 class=\"wp-block-heading\">2019<\/h2>\n\n\n\n<ul class=\"wp-block-list\">\n<li>Panimokadun ja Kapteeninkadun saneeraus, Hanko<\/li>\n\n\n\n<li>Tammisaaren koulukorttelin rakentaminen vaihe 1, Tammisaari<\/li>\n\n\n\n<li>Gunnarlan kaava-alue (Vaihe 3), katujen ja kunnallistekniikan rakentaminen, Lohja<\/li>\n\n\n\n<li>Skogsreviret Nyved, V\u00e4livarastointikent\u00e4n rakentaminen (vaihe 2), Tammisaari<\/li>\n\n\n\n<li>Villa Stormh\u00e4lla, (Maanrakennusty\u00f6t), Hanko<\/li>\n<\/ul>\n\n\n\n<div class=\"wp-block-coblocks-accordion\">\n<div class=\"wp-block-coblocks-accordion-item\"><\/div>\n<\/div>\n\n\n\n<h2 class=\"wp-block-heading\">2018<\/h2>\n\n\n\n<ul class=\"wp-block-list\">\n<li>V\u00e4stankvarnin Teurastamo, Maanrakennusty\u00f6t, Inkoo<\/li>\n\n\n\n<li>The Valley, tien ja kunnallistekniikan rakentaminen, Raasepori<\/li>\n\n\n\n<li>Lohjan Kaneli, (Kerrostalon maanrakennusty\u00f6t), Lohja<\/li>\n\n\n\n<li>Skogsreviret Nyved, V\u00e4livarastointikent\u00e4n (6000m2) rakentaminen k\u00e4ytt\u00e4en kierr\u00e4tetty\u00e4 betonia ja asfaltia (vaihe 1), Tammisaari<\/li>\n\n\n\n<li>Vesihuollon saneeraus, Veturinkuljettajankatu, Hanko<\/li>\n\n\n\n<li>Karjaan Rengassy\u00f6tt\u00f6, Kaukol\u00e4mp\u00f6 johdon rakentaminen n. 1,4 km, Raasepori<\/li>\n<\/ul>\n\n\n\n<h2 class=\"wp-block-heading\">2017<\/h2>\n\n\n\n<ul class=\"wp-block-list\">\n<li>Kadun ja kunnallistekniikan saneeraus, K\u00e4sity\u00f6l\u00e4iskatu-Jarrumiehenkatu, Hanko<\/li>\n\n\n\n<li>FAB Sommarblomman, Kerrostalon maanrakennus- ja pihaty\u00f6t, Tammisaari<\/li>\n\n\n\n<li>Bab Tallbo Raseborg AsOy, Maanrakennusty\u00f6t, Tammisaari<\/li>\n\n\n\n<li>Shell Karjaa, Maanrakennus- ja pihaty\u00f6t, Karjaa<\/li>\n\n\n\n<li>Kolaviken, Uusi pys\u00e4k\u00f6intialue ja tien siirto, Siuntio<\/li>\n<\/ul>\n\n\n\n<h2 class=\"wp-block-heading\">2016<\/h2>\n\n\n\n<ul class=\"wp-block-list\">\n<li>Haagapuiston koulu, Salaojakorjaukset, Hanko<\/li>\n\n\n\n<li>Fermion Hanko 2018, Maanrakennusty\u00f6t, Hanko<\/li>\n\n\n\n<li>Regatta Spa, Maarakennus- ja pihaty\u00f6t, Hanko<\/li>\n\n\n\n<li>Pilantuneen maa-alueen saneeraus, Sporrong, Raasepori<\/li>\n\n\n\n<li>Kadun ja kunnallistekniikan saneeraus, Kappelistamantie, Hanko<\/li>\n\n\n\n<li>Kadun ja kunnallistekniikan rakentaminen, D\u00f6nsby-West, vaihe 3, Raasepori<\/li>\n<\/ul>\n\n\n\n<h2 class=\"wp-block-heading\">2015<\/h2>\n\n\n\n<ul class=\"wp-block-list\">\n<li>Inkoon tekonurmikent\u00e4n maanrakennusty\u00f6t ( ~3700 m3\/m2 louhintaa), Inkoo<\/li>\n\n\n\n<li>Kunnallistekniikan rakentaminen ja pohjaty\u00f6t, Karjaan Skeittipuisto, Raasepori<\/li>\n\n\n\n<li>Paikoitusalueen laajennus, L\u00e4nsi-Uudenmaan Sairaala, Raasepori<\/li>\n\n\n\n<li>Pilantuneen maa-alueen saneeraus, Kosken asema, Salo<\/li>\n\n\n\n<li>Kadun ja kunnallistekniikan rakentaminen, Laulupuu, Raasepori<\/li>\n<\/ul>\n\n\n\n<h2 class=\"wp-block-heading\">2014<\/h2>\n\n\n\n<ul class=\"wp-block-list\">\n<li>M\u00f6rby-Skarpkulla mt 11035 parantaminen, Raasepori<\/li>\n\n\n\n<li>V\u00e4stankvarn Ladug\u00e5rd, uuden navetan maarakennusty\u00f6t, Inkoo<\/li>\n\n\n\n<li>The Hill, tien ja kunnallistekniikan rakentaminen, Raasepori<\/li>\n<\/ul>\n\n\n\n<h2 class=\"wp-block-heading\">2013<\/h2>\n\n\n\n<ul class=\"wp-block-list\">\n<li>Villa Siggberg, louhintaurakka, Raasepori<\/li>\n\n\n\n<li>Lind\u00f6 Nya Ladug\u00e5rd, uuden navetan maarakennusty\u00f6t, Raasepori<\/li>\n<\/ul>\n\n\n\n<h2 class=\"wp-block-heading\">2012<\/h2>\n\n\n\n<ul class=\"wp-block-list\">\n<li>Ankkurikatu ja Tiilitehtaantie, Kunnallistekniikan perusparannus ja sadevesiviem\u00e4rin rakentaminen. Uuden kevytliikennev\u00e4yl\u00e4n rakentaminen, Hanko<\/li>\n\n\n\n<li>Helsingiuksentien ja Opettajantien kevytliikennev\u00e4yl\u00e4n rakentaminen, Lohja<\/li>\n\n\n\n<li>Heimg\u00e5rdintien ja L\u00e4nsikaaren kadun ja kunnallistekniikan rakentaminen, Inkoo<\/li>\n\n\n\n<li>Kursandin kaava alue, katujen ja kunnallistekniikan louhintaty\u00f6t, Raasepori<\/li>\n<\/ul>\n\n\n\n<h2 class=\"wp-block-heading\">2011<\/h2>\n\n\n\n<ul class=\"wp-block-list\">\n<li>Torppanummentien kevytliikennev\u00e4yl\u00e4, Inkoo<\/li>\n\n\n\n<li>Hoidon aliurakka &#8221;Tammisaarenoptiovuodet 2008-2011&#8221;, Raasepori<\/li>\n\n\n\n<li>Pohjan taajaman l\u00e4mp\u00f6yhti\u00f6 LL:n kaukol\u00e4mp\u00f6verkon rakentaminen, Raasepori<\/li>\n\n\n\n<li>Kaukol\u00e4mp\u00f6verkon rakentaminen, Raasepori<\/li>\n<\/ul>\n\n\n\n<h2 class=\"wp-block-heading\">2010<\/h2>\n\n\n\n<ul class=\"wp-block-list\">\n<li>Kaukol\u00e4mp\u00f6verkon rakentaminen, Raasepori<\/li>\n\n\n\n<li>Runkolinja Koppar\u00f6-Sommar\u00f6, Raasepori<\/li>\n<\/ul>\n","protected":false},"excerpt":{"rendered":"<p>Asiakkaamme ovat ylpeytemme Uramme aikana olemme tehneet ty\u00f6t\u00e4 useimpien isojen tekij\u00f6iden kanssa L\u00e4nsi Uudellamaalla ja Varsinais-Suomessa, sek\u00e4 julkisella ett\u00e4 yksityisell\u00e4 sektorilla. Kiit\u00e4mme l\u00e4mpim\u00e4sti luottamuksesta. 2024 2023 2022 2021 2020 Kuvia projekteista 2020 2019 2018 2017 2016 2015 2014 2013 2012 2011 2010<\/p>\n","protected":false},"author":1,"featured_media":0,"parent":0,"menu_order":0,"comment_status":"closed","ping_status":"closed","template":"","meta":{"_coblocks_attr":"","_coblocks_dimensions":"","_coblocks_responsive_height":"","_coblocks_accordion_ie_support":"","_uag_custom_page_level_css":"","footnotes":""},"class_list":["post-35","page","type-page","status-publish"],"uagb_featured_image_src":{"full":false,"thumbnail":false,"medium":false,"medium_large":false,"large":false,"1536x1536":false,"2048x2048":false,"gform-image-choice-sm":false,"gform-image-choice-md":false,"gform-image-choice-lg":false},"uagb_author_info":{"display_name":"Webmaster","author_link":"https:\/\/aberglund.fi\/fi\/author\/aberglund_admin\/"},"uagb_comment_info":0,"uagb_excerpt":"Asiakkaamme ovat ylpeytemme Uramme aikana olemme tehneet ty\u00f6t\u00e4 useimpien isojen tekij\u00f6iden kanssa L\u00e4nsi Uudellamaalla ja Varsinais-Suomessa, sek\u00e4 julkisella ett\u00e4 yksityisell\u00e4 sektorilla. Kiit\u00e4mme l\u00e4mpim\u00e4sti luottamuksesta. 2024 2023 2022 2021 2020 Kuvia projekteista 2020 2019 2018 2017 2016 2015 2014 2013 2012 2011 2010","_links":{"self":[{"href":"https:\/\/aberglund.fi\/fi\/wp-json\/wp\/v2\/pages\/35","targetHints":{"allow":["GET"]}}],"collection":[{"href":"https:\/\/aberglund.fi\/fi\/wp-json\/wp\/v2\/pages"}],"about":[{"href":"https:\/\/aberglund.fi\/fi\/wp-json\/wp\/v2\/types\/page"}],"author":[{"embeddable":true,"href":"https:\/\/aberglund.fi\/fi\/wp-json\/wp\/v2\/users\/1"}],"replies":[{"embeddable":true,"href":"https:\/\/aberglund.fi\/fi\/wp-json\/wp\/v2\/comments?post=35"}],"version-history":[{"count":18,"href":"https:\/\/aberglund.fi\/fi\/wp-json\/wp\/v2\/pages\/35\/revisions"}],"predecessor-version":[{"id":1106,"href":"https:\/\/aberglund.fi\/fi\/wp-json\/wp\/v2\/pages\/35\/revisions\/1106"}],"wp:attachment":[{"href":"https:\/\/aberglund.fi\/fi\/wp-json\/wp\/v2\/media?parent=35"}],"curies":[{"name":"wp","href":"https:\/\/api.w.org\/{rel}","templated":true}]}}