{"id":34,"date":"2020-05-19T19:04:48","date_gmt":"2020-05-19T17:04:48","guid":{"rendered":"http:\/\/dev.dos.fi\/aberglund\/?page_id=34"},"modified":"2025-11-17T12:18:09","modified_gmt":"2025-11-17T10:18:09","slug":"konekanta","status":"publish","type":"page","link":"https:\/\/aberglund.fi\/fi\/konekanta\/","title":{"rendered":"Konekanta"},"content":{"rendered":"\n<figure class=\"wp-block-image alignfull size-large dos-post-header-image\"><img loading=\"lazy\" decoding=\"async\" width=\"2000\" height=\"1200\" src=\"https:\/\/aberglund.fi\/wp-content\/uploads\/2020\/06\/aberglund-cover2.jpg\" alt=\"Cover photo\" class=\"wp-image-538\"\/><\/figure>\n\n\n\n<h1 class=\"wp-block-heading\">Modernit koneet ja laitteet<\/h1>\n\n\n\n<p>A. Berglundille on aina ollut t\u00e4rke\u00e4\u00e4 k\u00e4ytt\u00e4\u00e4 modernia ja tehokasta konekantaa kaikissa projekteissamme. Pid\u00e4mme kaluston hyv\u00e4ss\u00e4 kunnossa ja uudistamme sen tarpeen mukaan. T\u00e4st\u00e4 hy\u00f6tyy sek\u00e4 asiakas ett\u00e4 ymp\u00e4rist\u00f6. <\/p>\n\n\n\n<h2 class=\"wp-block-heading\">Koneemme<\/h2>\n\n\n\n<div class=\"wp-block-columns is-layout-flex wp-container-core-columns-is-layout-9d6595d7 wp-block-columns-is-layout-flex\">\n<div class=\"wp-block-column is-layout-flow wp-block-column-is-layout-flow\">\n<h3 class=\"wp-block-heading\">Tela-alustaiset<\/h3>\n\n\n\n<ul class=\"wp-block-list\">\n<li>CAT 305E2, 2018, Stage 4<\/li>\n\n\n\n<li>Volvo ECR145ELM, 2021, Stage 5 (3D koneohjaus)<\/li>\n\n\n\n<li>Volvo EC220EL, 2019, Stage 5 (3D koneohjaus)<\/li>\n\n\n\n<li>Volvo ECR235EL, 2020, Stage 5 (3D koneohjaus)<\/li>\n\n\n\n<li>Volvo ECR235EL, 2023, Stage 5 (3D koneohjaus)<\/li>\n\n\n\n<li>Volvo EC300EL, 2024, Stage 5 (3D koneohjaus)<\/li>\n\n\n\n<li>Volvo EC300EL Pitk\u00e4puomi, 2018, Stage 4 (3D koneohjaus)<\/li>\n<\/ul>\n\n\n\n<h3 class=\"wp-block-heading\">Py\u00f6r\u00e4-alustaiset<\/h3>\n\n\n\n<ul class=\"wp-block-list\">\n<li>CAT M313D, 2013, Stage 3B<\/li>\n\n\n\n<li>Volvo EWR170E, 2025, Stage 5 (3D koneohjaus) <\/li>\n<\/ul>\n\n\n\n<h3 class=\"wp-block-heading\">Sora-autot<\/h3>\n\n\n\n<ul class=\"wp-block-list\">\n<li>Volvo FMX 8*4, 2025, Euro 6<\/li>\n\n\n\n<li>Scania R654, 2020, Euro 6<\/li>\n\n\n\n<li>Volvo FH16, 2019, Euro 6<\/li>\n\n\n\n<li>Sisu Polar Rock, 2017, Euro 6<\/li>\n<\/ul>\n\n\n\n<h3 class=\"wp-block-heading\">Vaihtolava-autot<\/h3>\n\n\n\n<ul class=\"wp-block-list\">\n<li>Volvo FH16, 2022, Euro 6<\/li>\n\n\n\n<li>Sisu Polar Roll, 2017, Euro 6<\/li>\n<\/ul>\n\n\n\n<h3 class=\"wp-block-heading\">Py\u00f6r\u00e4kuormaajat<\/h3>\n\n\n\n<ul class=\"wp-block-list\">\n<li>Volvo L 90 E, 2006, Stage 3A<\/li>\n\n\n\n<li>Volvo L 120 F, 2011, Stage 3B<\/li>\n\n\n\n<li>Volvo L 150 E, 2006, Stage 3A<\/li>\n\n\n\n<li>Volvo L 180 E, 2004, Stage 3A<\/li>\n\n\n\n<li>Volvo L 220 E, 2008, Stage 3B<\/li>\n<\/ul>\n\n\n\n<h3 class=\"wp-block-heading\">Porauskalusto<\/h3>\n\n\n\n<ul class=\"wp-block-list\">\n<li>Atlas Copco FlexiROC T30R, 2018, Stage 4<\/li>\n\n\n\n<li>Atlas Copco FlexiROC T15, 2012, Stage 3B<\/li>\n<\/ul>\n\n\n\n<h3 class=\"wp-block-heading\">Dumpperit<\/h3>\n\n\n\n<ul class=\"wp-block-list\">\n<li>Volvo A 25 C, 1998, 2 st.<\/li>\n<\/ul>\n\n\n\n<h3 class=\"wp-block-heading\">Tiejyr\u00e4t<\/h3>\n\n\n\n<ul class=\"wp-block-list\">\n<li>Hamm 3307HT, 2012, Stage 3B<\/li>\n<\/ul>\n<\/div>\n\n\n\n<div class=\"wp-block-column is-layout-flow wp-block-column-is-layout-flow\"><div class=\"wp-block-image\">\n<figure class=\"aligncenter size-large\"><img loading=\"lazy\" decoding=\"async\" width=\"422\" height=\"318\" src=\"https:\/\/aberglund.fi\/wp-content\/uploads\/2020\/07\/berglund-maskinpark-4.jpg\" alt=\"\" class=\"wp-image-644\" srcset=\"https:\/\/aberglund.fi\/wp-content\/uploads\/2020\/07\/berglund-maskinpark-4.jpg 422w, https:\/\/aberglund.fi\/wp-content\/uploads\/2020\/07\/berglund-maskinpark-4-300x226.jpg 300w\" sizes=\"auto, (max-width: 422px) 100vw, 422px\" \/><figcaption class=\"wp-element-caption\">Volvo L90, 2006<\/figcaption><\/figure>\n<\/div>\n\n<div class=\"wp-block-image\">\n<figure class=\"aligncenter size-large\"><img loading=\"lazy\" decoding=\"async\" width=\"422\" height=\"318\" src=\"https:\/\/aberglund.fi\/wp-content\/uploads\/2020\/07\/berglund-maskinpark-3.jpg\" alt=\"\" class=\"wp-image-642\" srcset=\"https:\/\/aberglund.fi\/wp-content\/uploads\/2020\/07\/berglund-maskinpark-3.jpg 422w, https:\/\/aberglund.fi\/wp-content\/uploads\/2020\/07\/berglund-maskinpark-3-300x226.jpg 300w\" sizes=\"auto, (max-width: 422px) 100vw, 422px\" \/><figcaption class=\"wp-element-caption\">Hamm 3307HT, 2012<\/figcaption><\/figure>\n<\/div>\n\n<div class=\"wp-block-image\">\n<figure class=\"aligncenter size-large\"><img loading=\"lazy\" decoding=\"async\" width=\"422\" height=\"318\" src=\"https:\/\/aberglund.fi\/wp-content\/uploads\/2020\/07\/berglund-maskinpark.jpg\" alt=\"\" class=\"wp-image-638\" srcset=\"https:\/\/aberglund.fi\/wp-content\/uploads\/2020\/07\/berglund-maskinpark.jpg 422w, https:\/\/aberglund.fi\/wp-content\/uploads\/2020\/07\/berglund-maskinpark-300x226.jpg 300w\" sizes=\"auto, (max-width: 422px) 100vw, 422px\" \/><figcaption class=\"wp-element-caption\">Volvo EC300EL, 2019<\/figcaption><\/figure>\n<\/div><\/div>\n<\/div>\n","protected":false},"excerpt":{"rendered":"<p>Modernit koneet ja laitteet A. Berglundille on aina ollut t\u00e4rke\u00e4\u00e4 k\u00e4ytt\u00e4\u00e4 modernia ja tehokasta konekantaa kaikissa projekteissamme. Pid\u00e4mme kaluston hyv\u00e4ss\u00e4 kunnossa ja uudistamme sen tarpeen mukaan. T\u00e4st\u00e4 hy\u00f6tyy sek\u00e4 asiakas ett\u00e4 ymp\u00e4rist\u00f6. Koneemme Tela-alustaiset Py\u00f6r\u00e4-alustaiset Sora-autot Vaihtolava-autot Py\u00f6r\u00e4kuormaajat Porauskalusto Dumpperit Tiejyr\u00e4t<\/p>\n","protected":false},"author":1,"featured_media":0,"parent":0,"menu_order":0,"comment_status":"closed","ping_status":"closed","template":"","meta":{"_coblocks_attr":"","_coblocks_dimensions":"","_coblocks_responsive_height":"","_coblocks_accordion_ie_support":"","_uag_custom_page_level_css":"","footnotes":""},"class_list":["post-34","page","type-page","status-publish"],"uagb_featured_image_src":{"full":false,"thumbnail":false,"medium":false,"medium_large":false,"large":false,"1536x1536":false,"2048x2048":false,"gform-image-choice-sm":false,"gform-image-choice-md":false,"gform-image-choice-lg":false},"uagb_author_info":{"display_name":"Webmaster","author_link":"https:\/\/aberglund.fi\/fi\/author\/aberglund_admin\/"},"uagb_comment_info":0,"uagb_excerpt":"Modernit koneet ja laitteet A. Berglundille on aina ollut t\u00e4rke\u00e4\u00e4 k\u00e4ytt\u00e4\u00e4 modernia ja tehokasta konekantaa kaikissa projekteissamme. Pid\u00e4mme kaluston hyv\u00e4ss\u00e4 kunnossa ja uudistamme sen tarpeen mukaan. T\u00e4st\u00e4 hy\u00f6tyy sek\u00e4 asiakas ett\u00e4 ymp\u00e4rist\u00f6. Koneemme Tela-alustaiset Py\u00f6r\u00e4-alustaiset Sora-autot Vaihtolava-autot Py\u00f6r\u00e4kuormaajat Porauskalusto Dumpperit Tiejyr\u00e4t","_links":{"self":[{"href":"https:\/\/aberglund.fi\/fi\/wp-json\/wp\/v2\/pages\/34","targetHints":{"allow":["GET"]}}],"collection":[{"href":"https:\/\/aberglund.fi\/fi\/wp-json\/wp\/v2\/pages"}],"about":[{"href":"https:\/\/aberglund.fi\/fi\/wp-json\/wp\/v2\/types\/page"}],"author":[{"embeddable":true,"href":"https:\/\/aberglund.fi\/fi\/wp-json\/wp\/v2\/users\/1"}],"replies":[{"embeddable":true,"href":"https:\/\/aberglund.fi\/fi\/wp-json\/wp\/v2\/comments?post=34"}],"version-history":[{"count":13,"href":"https:\/\/aberglund.fi\/fi\/wp-json\/wp\/v2\/pages\/34\/revisions"}],"predecessor-version":[{"id":1148,"href":"https:\/\/aberglund.fi\/fi\/wp-json\/wp\/v2\/pages\/34\/revisions\/1148"}],"wp:attachment":[{"href":"https:\/\/aberglund.fi\/fi\/wp-json\/wp\/v2\/media?parent=34"}],"curies":[{"name":"wp","href":"https:\/\/api.w.org\/{rel}","templated":true}]}}