{"id":33,"date":"2020-05-19T19:04:39","date_gmt":"2020-05-19T17:04:39","guid":{"rendered":"http:\/\/dev.dos.fi\/aberglund\/?page_id=33"},"modified":"2026-03-10T13:36:44","modified_gmt":"2026-03-10T11:36:44","slug":"ota-yhteytta","status":"publish","type":"page","link":"https:\/\/aberglund.fi\/fi\/ota-yhteytta\/","title":{"rendered":"Ota yhteytt\u00e4"},"content":{"rendered":"\n<figure class=\"wp-block-image alignfull size-full dos-post-header-image mb-0 mt-0\"><img loading=\"lazy\" decoding=\"async\" width=\"2000\" height=\"1200\" src=\"https:\/\/aberglund.fi\/wp-content\/uploads\/2020\/07\/berglund-kontakt-cover.jpg\" alt=\"\" class=\"wp-image-917\" srcset=\"https:\/\/aberglund.fi\/wp-content\/uploads\/2020\/07\/berglund-kontakt-cover.jpg 2000w, https:\/\/aberglund.fi\/wp-content\/uploads\/2020\/07\/berglund-kontakt-cover-300x180.jpg 300w, https:\/\/aberglund.fi\/wp-content\/uploads\/2020\/07\/berglund-kontakt-cover-1024x614.jpg 1024w, https:\/\/aberglund.fi\/wp-content\/uploads\/2020\/07\/berglund-kontakt-cover-768x461.jpg 768w, https:\/\/aberglund.fi\/wp-content\/uploads\/2020\/07\/berglund-kontakt-cover-1536x922.jpg 1536w\" sizes=\"auto, (max-width: 2000px) 100vw, 2000px\" \/><\/figure>\n\n\n\n<h1 class=\"wp-block-heading\">Ota yhteytt\u00e4<\/h1>\n\n\n\n<p>Onko kysytt\u00e4v\u00e4\u00e4 louhinnasta, kaiivuu- tai maarakennuspalveluistamme? Riippumatta siit\u00e4, olisiko kyseess\u00e4 uuden pientalontontin pohjaty\u00f6 tai ison rakennusprojektin maarakennus &#8211; mik\u00e4\u00e4n projekti ei ole liian pieni tai iso! Tiimimme vastaa mielell\u00e4\u00e4n kysymyksiin.<\/p>\n\n\n\n<div class=\"wp-block-columns dos-personnel-block is-layout-flex wp-container-core-columns-is-layout-9d6595d7 wp-block-columns-is-layout-flex\">\n<div class=\"wp-block-column is-layout-flow wp-block-column-is-layout-flow\">\n<div class=\"wp-block-uagb-team uagb-team__image-position-above uagb-team__align-center uagb-team__stack-tablet uagb-block-cad7b0cd dos-contact-card\"><div class=\"uagb-team__content\"><img decoding=\"async\" class=\"uagb-team__image-crop-normal\" src=\"https:\/\/aberglund.fi\/wp-content\/uploads\/2020\/07\/Anders_web-1-208x300.jpg\" alt=\"Portr\u00e4tt av Anders\" height=\"200\" width=\"200\" loading=\"lazy\"\/><h3 class=\"uagb-team__title\">Anders Berglund<\/h3><span class=\"uagb-team__prefix\"><strong>Omistaja, TJ<\/strong><\/span><p class=\"uagb-team__desc\">0400-840 188<br><a href=\"mailto:anders@aberglund.fi\">anders@aberglund.fi<\/a><\/p><\/div><\/div>\n<\/div>\n\n\n\n<div class=\"wp-block-column is-layout-flow wp-block-column-is-layout-flow\">\n<div class=\"wp-block-uagb-team uagb-team__image-position-above uagb-team__align-center uagb-team__stack-none uagb-block-9d6a5499 dos-contact-card\"><div class=\"uagb-team__content\"><img decoding=\"async\" class=\"uagb-team__image-crop-normal\" src=\"https:\/\/aberglund.fi\/wp-content\/uploads\/2020\/10\/Aberglund-Robin.jpg\" alt=\"\" height=\"200\" width=\"200\" loading=\"lazy\"\/><h3 class=\"uagb-team__title\">Robin Stenstr\u00f6m<\/h3><span class=\"uagb-team__prefix\"><strong>Ty\u00f6p\u00e4\u00e4llikk\u00f6<\/strong><\/span><p class=\"uagb-team__desc\">0400-837 376<br><a href=\"mailto:robin.stenstrom@aberglund.fi\">robin@aberglund.fi<\/a><\/p><\/div><\/div>\n<\/div>\n\n\n\n<div class=\"wp-block-column is-layout-flow wp-block-column-is-layout-flow\"><\/div>\n<\/div>\n\n\n\n<div class=\"wp-block-coblocks-row coblocks-row-5151987229 dos-contact-form mb-0 mt-0\" data-columns=\"2\" data-layout=\"50-50\"><div class=\"dos-contact-form wp-block-coblocks-row__inner has-no-padding has-no-margin is-stacked-on-mobile has-medium-gutter\">\n<div class=\"wp-block-coblocks-column coblocks-column-51519810610\" style=\"width:50%\"><div class=\"wp-block-coblocks-column__inner has-no-padding has-no-margin\">\n<div class=\"wp-block-group dos-contact-column-block mb-0 mt-0\"><div class=\"wp-block-group__inner-container is-layout-flow wp-block-group-is-layout-flow\">\n<div class=\"wp-block-columns are-vertically-aligned-center dos-contact-details is-layout-flex wp-container-core-columns-is-layout-9d6595d7 wp-block-columns-is-layout-flex\">\n<div class=\"wp-block-column is-vertically-aligned-center dos-flex-20 is-layout-flow wp-block-column-is-layout-flow\" style=\"flex-basis:10%\">\n<figure class=\"wp-block-image size-large\"><img loading=\"lazy\" decoding=\"async\" width=\"50\" height=\"50\" src=\"https:\/\/aberglund.fi\/wp-content\/uploads\/\/2020\/07\/icon-address.svg\" alt=\"\" class=\"wp-image-879\"\/><\/figure>\n<\/div>\n\n\n\n<div class=\"wp-block-column is-vertically-aligned-center dos-flex-80 is-layout-flow wp-block-column-is-layout-flow\" style=\"flex-basis:80%\">\n<p class=\"has-text-align-left\">Insin\u00f6\u00f6rintie 1\n10600 Tammisaari\nY-tunnus: 0796764-4<\/p>\n<\/div>\n<\/div>\n\n\n\n<div class=\"wp-block-columns are-vertically-aligned-center is-layout-flex wp-container-core-columns-is-layout-9d6595d7 wp-block-columns-is-layout-flex\">\n<div class=\"wp-block-column is-vertically-aligned-center dos-flex-20 is-layout-flow wp-block-column-is-layout-flow\" style=\"flex-basis:10%\">\n<figure class=\"wp-block-image size-large\"><img loading=\"lazy\" decoding=\"async\" width=\"50\" height=\"50\" src=\"https:\/\/aberglund.fi\/wp-content\/uploads\/\/2020\/07\/icon-phone.svg\" alt=\"\" class=\"wp-image-875\"\/><\/figure>\n<\/div>\n\n\n\n<div class=\"wp-block-column is-vertically-aligned-center dos-flex-80 is-layout-flow wp-block-column-is-layout-flow\">\n<p class=\"has-text-align-left\">0400-840&nbsp;188<\/p>\n<\/div>\n<\/div>\n\n\n\n<div class=\"wp-block-columns are-vertically-aligned-center is-layout-flex wp-container-core-columns-is-layout-9d6595d7 wp-block-columns-is-layout-flex\">\n<div class=\"wp-block-column is-vertically-aligned-center dos-flex-20 is-layout-flow wp-block-column-is-layout-flow\" style=\"flex-basis:10%\">\n<figure class=\"wp-block-image size-large\"><img loading=\"lazy\" decoding=\"async\" width=\"50\" height=\"50\" src=\"https:\/\/aberglund.fi\/wp-content\/uploads\/\/2020\/07\/icon-email.svg\" alt=\"\" class=\"wp-image-877\"\/><\/figure>\n<\/div>\n\n\n\n<div class=\"wp-block-column is-vertically-aligned-center dos-flex-80 is-layout-flow wp-block-column-is-layout-flow\">\n<p><a href=\"mailto:office@aberglund.fi\">office@aberglund.fi<\/a><\/p>\n<\/div>\n<\/div>\n<\/div><\/div>\n<\/div><\/div>\n\n\n\n<div class=\"wp-block-coblocks-column coblocks-column-51519810629\" style=\"width:50%\"><div class=\"wp-block-coblocks-column__inner has-no-padding has-no-margin\">\n<div class=\"wp-block-coblocks-row coblocks-row-515191353738\" data-columns=\"1\" data-layout=\"100\"><div class=\"wp-block-coblocks-row__inner has-no-padding has-no-margin is-stacked-on-mobile has-medium-gutter\">\n<div class=\"wp-block-coblocks-column coblocks-column-515191355366\" style=\"width:100%\"><div class=\"wp-block-coblocks-column__inner has-no-padding has-no-margin\"><\/div><\/div>\n<\/div><\/div>\n<\/div><\/div>\n<\/div><\/div>\n\n\n\n<div class=\"wp-block-coblocks-row coblocks-row-59113524846\" data-columns=\"1\" data-layout=\"100\"><div class=\"wp-block-coblocks-row__inner has-no-padding has-no-margin is-stacked-on-mobile has-medium-gutter\">\n<div class=\"wp-block-coblocks-column coblocks-column-59113532454 dos-contact-form-block\" style=\"width:100%\"><div class=\"wp-block-coblocks-column__inner has-no-padding has-no-margin\"><\/div><\/div>\n<\/div><\/div>\n\n\n\n<div style=\"min-height:400px\" data-map-attr=\"\/qaddress\/q:\/qIngenj\u00f6rsv\u00e4gen 1 10600 Eken\u00e4s\/q||\/qlat\/q:\/qundefined\/q||\/qlng\/q:\/qundefined\/q||\/qskin\/q:\/qstandard\/q||\/qzoom\/q:\/q12\/q||\/qiconSize\/q:\/q36\/q||\/qmapTypeControl\/q:\/qtrue\/q||\/qzoomControl\/q:\/qtrue\/q||\/qstreetViewControl\/q:\/qtrue\/q||\/qfullscreenControl\/q:\/qtrue\/q\" class=\"wp-block-coblocks-map\"><iframe title=\"Google Map\" frameborder=\"0\" style=\"width:100%;min-height:400px\" src=\"https:\/\/www.google.com\/maps?q=Ingenj%C3%B6rsv%C3%A4gen%201%2010600%20Eken%C3%A4s&amp;output=embed&amp;hl=en-US&amp;z=12\"><\/iframe><\/div>\n\n\n\n<div class=\"wp-block-coblocks-row coblocks-row-515191443420\" data-columns=\"1\" data-layout=\"100\"><div class=\"wp-block-coblocks-row__inner has-no-padding has-no-margin is-stacked-on-mobile has-medium-gutter\">\n<div class=\"wp-block-coblocks-column coblocks-column-515191444755\" style=\"width:100%\"><div class=\"wp-block-coblocks-column__inner has-no-padding has-no-margin\"><\/div><\/div>\n<\/div><\/div>\n","protected":false},"excerpt":{"rendered":"<p>Ota yhteytt\u00e4 Onko kysytt\u00e4v\u00e4\u00e4 louhinnasta, kaiivuu- tai maarakennuspalveluistamme? Riippumatta siit\u00e4, olisiko kyseess\u00e4 uuden pientalontontin pohjaty\u00f6 tai ison rakennusprojektin maarakennus &#8211; mik\u00e4\u00e4n projekti ei ole liian pieni tai iso! Tiimimme vastaa mielell\u00e4\u00e4n kysymyksiin.<\/p>\n","protected":false},"author":1,"featured_media":0,"parent":0,"menu_order":0,"comment_status":"closed","ping_status":"closed","template":"","meta":{"_coblocks_attr":"","_coblocks_dimensions":"","_coblocks_responsive_height":"","_coblocks_accordion_ie_support":"","_uag_custom_page_level_css":"","footnotes":""},"class_list":["post-33","page","type-page","status-publish"],"uagb_featured_image_src":{"full":false,"thumbnail":false,"medium":false,"medium_large":false,"large":false,"1536x1536":false,"2048x2048":false,"gform-image-choice-sm":false,"gform-image-choice-md":false,"gform-image-choice-lg":false},"uagb_author_info":{"display_name":"Webmaster","author_link":"https:\/\/aberglund.fi\/fi\/author\/aberglund_admin\/"},"uagb_comment_info":0,"uagb_excerpt":"Ota yhteytt\u00e4 Onko kysytt\u00e4v\u00e4\u00e4 louhinnasta, kaiivuu- tai maarakennuspalveluistamme? Riippumatta siit\u00e4, olisiko kyseess\u00e4 uuden pientalontontin pohjaty\u00f6 tai ison rakennusprojektin maarakennus &#8211; mik\u00e4\u00e4n projekti ei ole liian pieni tai iso! Tiimimme vastaa mielell\u00e4\u00e4n kysymyksiin.","_links":{"self":[{"href":"https:\/\/aberglund.fi\/fi\/wp-json\/wp\/v2\/pages\/33","targetHints":{"allow":["GET"]}}],"collection":[{"href":"https:\/\/aberglund.fi\/fi\/wp-json\/wp\/v2\/pages"}],"about":[{"href":"https:\/\/aberglund.fi\/fi\/wp-json\/wp\/v2\/types\/page"}],"author":[{"embeddable":true,"href":"https:\/\/aberglund.fi\/fi\/wp-json\/wp\/v2\/users\/1"}],"replies":[{"embeddable":true,"href":"https:\/\/aberglund.fi\/fi\/wp-json\/wp\/v2\/comments?post=33"}],"version-history":[{"count":41,"href":"https:\/\/aberglund.fi\/fi\/wp-json\/wp\/v2\/pages\/33\/revisions"}],"predecessor-version":[{"id":1161,"href":"https:\/\/aberglund.fi\/fi\/wp-json\/wp\/v2\/pages\/33\/revisions\/1161"}],"wp:attachment":[{"href":"https:\/\/aberglund.fi\/fi\/wp-json\/wp\/v2\/media?parent=33"}],"curies":[{"name":"wp","href":"https:\/\/api.w.org\/{rel}","templated":true}]}}