{"id":1124,"date":"2025-04-10T14:38:20","date_gmt":"2025-04-10T11:38:20","guid":{"rendered":"https:\/\/aberglund.fi\/?page_id=1124"},"modified":"2025-04-10T14:38:24","modified_gmt":"2025-04-10T11:38:24","slug":"tietosuojaseloste","status":"publish","type":"page","link":"https:\/\/aberglund.fi\/fi\/tietosuojaseloste\/","title":{"rendered":"Tietosuojaseloste"},"content":{"rendered":"\n<p><strong>Rekisterinpit\u00e4j\u00e4 ja yhteystiedot<\/strong><\/p>\n\n\n\n<p>A. Berglund Oy<\/p>\n\n\n\n<p>Y- tunnus: 0796764-4<\/p>\n\n\n\n<p>Osoite: Insin\u00f6\u00f6rintie 1<br>S\u00e4hk\u00f6posti: office@aberglund.fi<\/p>\n\n\n\n<ul class=\"wp-block-list\">\n<li><strong><span class=\"uppercase\">Yleist\u00e4<\/span><\/strong><\/li>\n<\/ul>\n\n\n\n<p>T\u00e4ss\u00e4 tietosuojaselosteessa kerromme, kuinka k\u00e4sittelemme henkil\u00f6tietojasi A. Berglund Oy:ss\u00e4. Tavoitteenamme on suojata yksityisyytt\u00e4si ja noudattaa voimassa olevia tietosuojalakeja.<\/p>\n\n\n\n<p>K\u00e4sittelemme henkil\u00f6tietoja luottamuksellisesti ja EU:n tietosuoja-asetuksen mukaisesti.<\/p>\n\n\n\n<ul class=\"wp-block-list\">\n<li><strong><span class=\"uppercase\">Tietojen k\u00e4ytt\u00f6<\/span><\/strong><\/li>\n<\/ul>\n\n\n\n<p>K\u00e4yt\u00e4mme henkil\u00f6tietoja seuraaviin tarkoituksiin:<\/p>\n\n\n\n<ul class=\"wp-block-list\">\n<li>Asiakassuhteen hallinta<\/li>\n\n\n\n<li>Tuotteiden ja palveluiden tarjoaminen<\/li>\n\n\n\n<li>Urakoiden ja projektien hoitaminen<\/li>\n\n\n\n<li>Markkinointi ja viestint\u00e4, sis. verkkosivustomme yll\u00e4pit\u00e4minen, kehitt\u00e4minen sek\u00e4 toiminnan analysointi<\/li>\n\n\n\n<li>Laskutus, sis. kirjanpito ja laskutuksen valvonta sek\u00e4 perint\u00e4<\/li>\n\n\n\n<li>Lakis\u00e4\u00e4teisten velvoitteiden t\u00e4ytt\u00e4minen<\/li>\n\n\n\n<li>Kameravalvonta<\/li>\n\n\n\n<li>Rekrytointi<\/li>\n<\/ul>\n\n\n\n<p>EU:n yleisen tietosuoja-asetuksen mukainen oikeusperuste henkil\u00f6tietojen k\u00e4sittelyllemme on:<\/p>\n\n\n\n<ul class=\"wp-block-list\">\n<li>Rekisterinpit\u00e4j\u00e4n oikeutettu etu, kun kyse on;<\/li>\n\n\n\n<li>Asiakassuhteiden hoitamisesta ja yll\u00e4pidosta sek\u00e4 n\u00e4ihin liittyv\u00e4st\u00e4 laskutuksesta ja urakoiden\/projektien hoitamisesta (oikeutettuna etuna liiketoiminnan harjoittaminen)<\/li>\n\n\n\n<li>Markkinoinnista ja tapahtumien j\u00e4rjest\u00e4misest\u00e4 (oikeutettuna etuna liiketoiminnan edist\u00e4minen)<\/li>\n\n\n\n<li>Verkkosivujemme toiminnan kannalta v\u00e4ltt\u00e4m\u00e4tt\u00f6mien ev\u00e4steiden toiminnasta (oikeutettuna etuna viestin v\u00e4litt\u00e4minen viestint\u00e4verkossa ja tietoturvan varmistaminen)<\/li>\n\n\n\n<li>Kameravalvonnasta (oikeutettuna etuna omaisuuden suojaaminen ja turvallisuuden varmistaminen sek\u00e4 n\u00e4it\u00e4 vaarantavien tilanteiden ennaltaehk\u00e4iseminen ja selvitt\u00e4minen)<\/li>\n\n\n\n<li>Rekisterinpit\u00e4j\u00e4n lakis\u00e4\u00e4teinen velvoite, kun kyse on kirjanpitoaineistoon sis\u00e4ltyvien henkil\u00f6tietojen k\u00e4sittelyst\u00e4 (kirjanpitolaki, 1336\/1997))<\/li>\n\n\n\n<li>Rekister\u00f6idyn suostumus, kun kyse on muiden kuin v\u00e4ltt\u00e4m\u00e4tt\u00f6mien ev\u00e4steiden toiminnasta<\/li>\n<\/ul>\n\n\n\n<ul class=\"wp-block-list\">\n<li><strong><span class=\"uppercase\">Tietojen s\u00e4ilytys<\/span><\/strong><\/li>\n<\/ul>\n\n\n\n<p>S\u00e4ilyt\u00e4mme henkil\u00f6tietojasi vain niin kauan kuin se on tarpeellista k\u00e4sittelyn tarkoitusten t\u00e4ytt\u00e4miseksi, tai niin kauan kuin laki edellytt\u00e4\u00e4.<\/p>\n\n\n\n<p>Asiakastietoja s\u00e4ilyt\u00e4mme koko asiakassuhteen ajan ja 10 vuotta asiakassuhteen p\u00e4\u00e4ttymisen j\u00e4lkeen. P\u00e4ivit\u00e4mme asiakaan yhteystiedot, kun saamme tiedon edustajan vaihtumisesta, jonka j\u00e4lkeen vanha yhteystieto poistetaan.<\/p>\n\n\n\n<ul class=\"wp-block-list\">\n<li><strong><span class=\"uppercase\">Tietojen jakaminen<\/span><\/strong><\/li>\n<\/ul>\n\n\n\n<p>Emme jaa henkil\u00f6tietojasi kolmansille osapuolille ilman suostumustasi, ellei lains\u00e4\u00e4d\u00e4nt\u00f6 tai muu velvoite vaadi sit\u00e4. Tietoja voidaan jakaa:<\/p>\n\n\n\n<ul class=\"wp-block-list\">\n<li>Alihankkijoille ja yhteisty\u00f6kumppaneille, jotka auttavat meit\u00e4 liiketoiminnassa.<\/li>\n\n\n\n<li>Laink\u00e4ytt\u00f6\u00e4 tai viranomaisvaatimuksia varten\n<ul class=\"wp-block-list\">\n<li>kameravalvonnasta kertyneit\u00e4 tietoja voidaan luovuttaa viranomaiselle esitutkintalain (805\/2011) mukaista esitutkintaa varten tai esimerkiksi asiaa selvitt\u00e4v\u00e4lle vakuutusyhti\u00f6lle.<\/li>\n<\/ul>\n<\/li>\n<\/ul>\n\n\n\n<ul class=\"wp-block-list\">\n<li><strong><span class=\"uppercase\">Oikeutesi<\/span><\/strong><\/li>\n<\/ul>\n\n\n\n<p>Sinulla on oikeus:<\/p>\n\n\n\n<ul class=\"wp-block-list\">\n<li>Pyyt\u00e4\u00e4 p\u00e4\u00e4sy\u00e4 omiin henkil\u00f6tietoihisi<\/li>\n\n\n\n<li>Pyyt\u00e4\u00e4 virheellisten tietojen oikaisua<\/li>\n\n\n\n<li>Pyyt\u00e4\u00e4 tietojesi poistamista tai k\u00e4sittelyn rajoittamista<\/li>\n\n\n\n<li>Pyyt\u00e4\u00e4 annetun suostumuksen peruuttaminen<\/li>\n\n\n\n<li>Ev\u00e4steiden est\u00e4minen<\/li>\n\n\n\n<li>Pyyt\u00e4\u00e4 tietojen siirrett\u00e4vyytt\u00e4<\/li>\n\n\n\n<li>Tehd\u00e4 valitus valvontaviranomaiselle. (<a href=\"http:\/\/www.tietosuoja.fi\/ilmoitus-tietosuojavaltuutetulle\">www.tietosuoja.fi\/ilmoitus-tietosuojavaltuutetulle<\/a>)<\/li>\n<\/ul>\n\n\n\n<ul class=\"wp-block-list\">\n<li><strong><span class=\"uppercase\">Yhteystiedot<\/span><\/strong><\/li>\n<\/ul>\n\n\n\n<p>Jos sinulla on kysymyksi\u00e4 tai huolenaiheita liittyen henkil\u00f6tietojen k\u00e4sittelyyn, ota meihin yhteytt\u00e4: office@aberglund.fi<\/p>\n\n\n\n<ul class=\"wp-block-list\">\n<li><strong><span class=\"uppercase\">Voimassaolo<\/span><\/strong><\/li>\n<\/ul>\n\n\n\n<p>Toistaiseksi, tietosuojaseloste p\u00e4ivitetty viimeksi 8.4.2025<\/p>\n","protected":false},"excerpt":{"rendered":"<p>Rekisterinpit\u00e4j\u00e4 ja yhteystiedot A. Berglund Oy Y- tunnus: 0796764-4 Osoite: Insin\u00f6\u00f6rintie 1S\u00e4hk\u00f6posti: office@aberglund.fi T\u00e4ss\u00e4 tietosuojaselosteessa kerromme, kuinka k\u00e4sittelemme henkil\u00f6tietojasi A. Berglund Oy:ss\u00e4. Tavoitteenamme on suojata yksityisyytt\u00e4si ja noudattaa voimassa olevia tietosuojalakeja. K\u00e4sittelemme henkil\u00f6tietoja luottamuksellisesti ja EU:n tietosuoja-asetuksen mukaisesti. K\u00e4yt\u00e4mme henkil\u00f6tietoja seuraaviin tarkoituksiin: EU:n yleisen tietosuoja-asetuksen mukainen oikeusperuste henkil\u00f6tietojen k\u00e4sittelyllemme on: S\u00e4ilyt\u00e4mme henkil\u00f6tietojasi vain niin kauan &#8230; <a title=\"Tietosuojaseloste\" class=\"read-more\" href=\"https:\/\/aberglund.fi\/fi\/tietosuojaseloste\/\" aria-label=\"Lue lis\u00e4\u00e4 aiheesta Tietosuojaseloste\">Lue lis\u00e4\u00e4<\/a><\/p>\n","protected":false},"author":2,"featured_media":0,"parent":0,"menu_order":0,"comment_status":"closed","ping_status":"closed","template":"","meta":{"_coblocks_attr":"","_coblocks_dimensions":"","_coblocks_responsive_height":"","_coblocks_accordion_ie_support":"","_uag_custom_page_level_css":"","footnotes":""},"class_list":["post-1124","page","type-page","status-publish"],"uagb_featured_image_src":{"full":false,"thumbnail":false,"medium":false,"medium_large":false,"large":false,"1536x1536":false,"2048x2048":false,"gform-image-choice-sm":false,"gform-image-choice-md":false,"gform-image-choice-lg":false},"uagb_author_info":{"display_name":"Robin Stenstr\u00f6m","author_link":"https:\/\/aberglund.fi\/fi\/author\/robin\/"},"uagb_comment_info":0,"uagb_excerpt":"Rekisterinpit\u00e4j\u00e4 ja yhteystiedot A. Berglund Oy Y- tunnus: 0796764-4 Osoite: Insin\u00f6\u00f6rintie 1S\u00e4hk\u00f6posti: office@aberglund.fi T\u00e4ss\u00e4 tietosuojaselosteessa kerromme, kuinka k\u00e4sittelemme henkil\u00f6tietojasi A. Berglund Oy:ss\u00e4. Tavoitteenamme on suojata yksityisyytt\u00e4si ja noudattaa voimassa olevia tietosuojalakeja. K\u00e4sittelemme henkil\u00f6tietoja luottamuksellisesti ja EU:n tietosuoja-asetuksen mukaisesti. K\u00e4yt\u00e4mme henkil\u00f6tietoja seuraaviin tarkoituksiin: EU:n yleisen tietosuoja-asetuksen mukainen oikeusperuste henkil\u00f6tietojen k\u00e4sittelyllemme on: S\u00e4ilyt\u00e4mme henkil\u00f6tietojasi vain niin kauan&hellip;","_links":{"self":[{"href":"https:\/\/aberglund.fi\/fi\/wp-json\/wp\/v2\/pages\/1124","targetHints":{"allow":["GET"]}}],"collection":[{"href":"https:\/\/aberglund.fi\/fi\/wp-json\/wp\/v2\/pages"}],"about":[{"href":"https:\/\/aberglund.fi\/fi\/wp-json\/wp\/v2\/types\/page"}],"author":[{"embeddable":true,"href":"https:\/\/aberglund.fi\/fi\/wp-json\/wp\/v2\/users\/2"}],"replies":[{"embeddable":true,"href":"https:\/\/aberglund.fi\/fi\/wp-json\/wp\/v2\/comments?post=1124"}],"version-history":[{"count":2,"href":"https:\/\/aberglund.fi\/fi\/wp-json\/wp\/v2\/pages\/1124\/revisions"}],"predecessor-version":[{"id":1128,"href":"https:\/\/aberglund.fi\/fi\/wp-json\/wp\/v2\/pages\/1124\/revisions\/1128"}],"wp:attachment":[{"href":"https:\/\/aberglund.fi\/fi\/wp-json\/wp\/v2\/media?parent=1124"}],"curies":[{"name":"wp","href":"https:\/\/api.w.org\/{rel}","templated":true}]}}